{"id":13274,"date":"2026-02-01T12:01:03","date_gmt":"2026-02-01T12:01:03","guid":{"rendered":"https:\/\/smartersmedia.com\/?post_type=product&#038;p=13274"},"modified":"2026-02-01T12:01:03","modified_gmt":"2026-02-01T12:01:03","slug":"lona-impresa-con-ojales","status":"publish","type":"product","link":"https:\/\/smartersmedia.com\/en\/product\/lona-impresa-con-ojales\/","title":{"rendered":"LONA IMPRESA CON OJALES"},"content":{"rendered":"<p>Lona impresa 550 gr\/m2 con ojales. Impresi\u00f3n de gran calidad con colores vivos. Se suministra con ojales en todo el per\u00edmetro para su instalaci\u00f3n.<\/p>","protected":false},"excerpt":{"rendered":"<p>Lona impresa 550 gr\/m2 con ojales. Impresi\u00f3n de gran calidad con colores vivos. Se suministra con ojales en todo el per\u00edmetro para su instalaci\u00f3n.<\/p>","protected":false},"featured_media":13276,"comment_status":"open","ping_status":"closed","template":"","meta":[],"product_brand":[],"product_cat":[166],"product_tag":[],"class_list":{"0":"post-13274","1":"product","2":"type-product","3":"status-publish","4":"has-post-thumbnail","6":"product_cat-lonas","8":"first","9":"instock","10":"shipping-taxable","11":"purchasable","12":"product-type-simple"},"jetpack_sharing_enabled":true,"_links":{"self":[{"href":"https:\/\/smartersmedia.com\/en\/wp-json\/wp\/v2\/product\/13274","targetHints":{"allow":["GET"]}}],"collection":[{"href":"https:\/\/smartersmedia.com\/en\/wp-json\/wp\/v2\/product"}],"about":[{"href":"https:\/\/smartersmedia.com\/en\/wp-json\/wp\/v2\/types\/product"}],"replies":[{"embeddable":true,"href":"https:\/\/smartersmedia.com\/en\/wp-json\/wp\/v2\/comments?post=13274"}],"wp:featuredmedia":[{"embeddable":true,"href":"https:\/\/smartersmedia.com\/en\/wp-json\/wp\/v2\/media\/13276"}],"wp:attachment":[{"href":"https:\/\/smartersmedia.com\/en\/wp-json\/wp\/v2\/media?parent=13274"}],"wp:term":[{"taxonomy":"product_brand","embeddable":true,"href":"https:\/\/smartersmedia.com\/en\/wp-json\/wp\/v2\/product_brand?post=13274"},{"taxonomy":"product_cat","embeddable":true,"href":"https:\/\/smartersmedia.com\/en\/wp-json\/wp\/v2\/product_cat?post=13274"},{"taxonomy":"product_tag","embeddable":true,"href":"https:\/\/smartersmedia.com\/en\/wp-json\/wp\/v2\/product_tag?post=13274"}],"curies":[{"name":"wp","href":"https:\/\/api.w.org\/{rel}","templated":true}]}}