{"id":13268,"date":"2026-02-01T11:45:45","date_gmt":"2026-02-01T11:45:45","guid":{"rendered":"https:\/\/smartersmedia.com\/?post_type=product&#038;p=13268"},"modified":"2026-02-01T11:45:45","modified_gmt":"2026-02-01T11:45:45","slug":"cartel-se-vende-se-alquila","status":"publish","type":"product","link":"https:\/\/smartersmedia.com\/en\/product\/cartel-se-vende-se-alquila\/","title":{"rendered":"CARTEL SE VENDE \/ SE ALQUILA"},"content":{"rendered":"<p>Cartel SE VENDE \/ SE ALQUILA, o cualquier otro anuncio que usted quiera destacar. Fabricado en material pl\u00e1stico, rotulado con vinilo, y provisto de ojales en las esquinas para su colocaci\u00f3n. Varias medidas. F\u00e1cil montaje.<\/p>","protected":false},"excerpt":{"rendered":"<p>Cartel SE VENDE \/ SE ALQUILA, o cualquier otro anuncio que usted quiera destacar. Fabricado en material pl\u00e1stico, rotulado con vinilo, y provisto de ojales en las esquinas para su colocaci\u00f3n. Varias medidas. F\u00e1cil montaje.<\/p>","protected":false},"featured_media":13269,"comment_status":"open","ping_status":"closed","template":"","meta":[],"product_brand":[],"product_cat":[165],"product_tag":[],"class_list":{"0":"post-13268","1":"product","2":"type-product","3":"status-publish","4":"has-post-thumbnail","6":"product_cat-rotulos","8":"first","9":"instock","10":"shipping-taxable","11":"purchasable","12":"product-type-simple"},"jetpack_sharing_enabled":true,"_links":{"self":[{"href":"https:\/\/smartersmedia.com\/en\/wp-json\/wp\/v2\/product\/13268","targetHints":{"allow":["GET"]}}],"collection":[{"href":"https:\/\/smartersmedia.com\/en\/wp-json\/wp\/v2\/product"}],"about":[{"href":"https:\/\/smartersmedia.com\/en\/wp-json\/wp\/v2\/types\/product"}],"replies":[{"embeddable":true,"href":"https:\/\/smartersmedia.com\/en\/wp-json\/wp\/v2\/comments?post=13268"}],"wp:featuredmedia":[{"embeddable":true,"href":"https:\/\/smartersmedia.com\/en\/wp-json\/wp\/v2\/media\/13269"}],"wp:attachment":[{"href":"https:\/\/smartersmedia.com\/en\/wp-json\/wp\/v2\/media?parent=13268"}],"wp:term":[{"taxonomy":"product_brand","embeddable":true,"href":"https:\/\/smartersmedia.com\/en\/wp-json\/wp\/v2\/product_brand?post=13268"},{"taxonomy":"product_cat","embeddable":true,"href":"https:\/\/smartersmedia.com\/en\/wp-json\/wp\/v2\/product_cat?post=13268"},{"taxonomy":"product_tag","embeddable":true,"href":"https:\/\/smartersmedia.com\/en\/wp-json\/wp\/v2\/product_tag?post=13268"}],"curies":[{"name":"wp","href":"https:\/\/api.w.org\/{rel}","templated":true}]}}