{"id":13266,"date":"2026-02-01T11:38:30","date_gmt":"2026-02-01T11:38:30","guid":{"rendered":"https:\/\/smartersmedia.com\/?post_type=product&#038;p=13266"},"modified":"2026-02-01T11:39:39","modified_gmt":"2026-02-01T11:39:39","slug":"banderola-no-luminosa-cuadrada","status":"publish","type":"product","link":"https:\/\/smartersmedia.com\/en\/product\/banderola-no-luminosa-cuadrada\/","title":{"rendered":"BANDEROLA NO LUMINOSA CUADRADA"},"content":{"rendered":"<p>Banderola NO luminosa vista a 2 caras, rotulada con tu publicidad. Con chasis de metal, car\u00e1tulas de composite aluminium. Se suministra con torniller\u00eda de anclaje. Varias medidas a elegir. F\u00e1cil montaje.<\/p>","protected":false},"excerpt":{"rendered":"<p>Banderola NO luminosa vista a 2 caras, rotulada con tu publicidad. Con chasis de metal, car\u00e1tulas de composite aluminium. Se suministra con torniller\u00eda de anclaje. Varias medidas a elegir. F\u00e1cil montaje.<\/p>","protected":false},"featured_media":13267,"comment_status":"open","ping_status":"closed","template":"","meta":[],"product_brand":[],"product_cat":[165],"product_tag":[],"class_list":{"0":"post-13266","1":"product","2":"type-product","3":"status-publish","4":"has-post-thumbnail","6":"product_cat-rotulos","8":"first","9":"instock","10":"shipping-taxable","11":"purchasable","12":"product-type-simple"},"jetpack_sharing_enabled":true,"_links":{"self":[{"href":"https:\/\/smartersmedia.com\/en\/wp-json\/wp\/v2\/product\/13266","targetHints":{"allow":["GET"]}}],"collection":[{"href":"https:\/\/smartersmedia.com\/en\/wp-json\/wp\/v2\/product"}],"about":[{"href":"https:\/\/smartersmedia.com\/en\/wp-json\/wp\/v2\/types\/product"}],"replies":[{"embeddable":true,"href":"https:\/\/smartersmedia.com\/en\/wp-json\/wp\/v2\/comments?post=13266"}],"wp:featuredmedia":[{"embeddable":true,"href":"https:\/\/smartersmedia.com\/en\/wp-json\/wp\/v2\/media\/13267"}],"wp:attachment":[{"href":"https:\/\/smartersmedia.com\/en\/wp-json\/wp\/v2\/media?parent=13266"}],"wp:term":[{"taxonomy":"product_brand","embeddable":true,"href":"https:\/\/smartersmedia.com\/en\/wp-json\/wp\/v2\/product_brand?post=13266"},{"taxonomy":"product_cat","embeddable":true,"href":"https:\/\/smartersmedia.com\/en\/wp-json\/wp\/v2\/product_cat?post=13266"},{"taxonomy":"product_tag","embeddable":true,"href":"https:\/\/smartersmedia.com\/en\/wp-json\/wp\/v2\/product_tag?post=13266"}],"curies":[{"name":"wp","href":"https:\/\/api.w.org\/{rel}","templated":true}]}}