{"id":13257,"date":"2026-01-25T17:40:48","date_gmt":"2026-01-25T17:40:48","guid":{"rendered":"https:\/\/smartersmedia.com\/?post_type=product&#038;p=13257"},"modified":"2026-01-25T18:06:17","modified_gmt":"2026-01-25T18:06:17","slug":"imanes-impresos","status":"publish","type":"product","link":"https:\/\/smartersmedia.com\/en\/product\/imanes-impresos\/","title":{"rendered":"IMANES IMPRESOS"},"content":{"rendered":"<p>L\u00e1mina imantada impresa con tu logo o la imagen que necesites. Se puede imprimir en cualquier tama\u00f1o. Muy utilizado en publicidad de veh\u00edculos y otras aplicaciones. Env\u00eda tu dise\u00f1o, o ind\u00edcanos que quieres imprimir y te lo dise\u00f1amos nosotros.<\/p>","protected":false},"excerpt":{"rendered":"<p>L\u00e1mina imantada impresa con tu logo o la imagen que necesites. Se puede imprimir en cualquier tama\u00f1o. Muy utilizado en publicidad de veh\u00edculos y otras aplicaciones. Env\u00eda tu dise\u00f1o, o ind\u00edcanos que quieres imprimir y te lo dise\u00f1amos nosotros.<\/p>","protected":false},"featured_media":13258,"comment_status":"open","ping_status":"closed","template":"","meta":[],"product_brand":[],"product_cat":[164],"product_tag":[],"class_list":{"0":"post-13257","1":"product","2":"type-product","3":"status-publish","4":"has-post-thumbnail","6":"product_cat-imanes","8":"first","9":"instock","10":"shipping-taxable","11":"purchasable","12":"product-type-simple"},"jetpack_sharing_enabled":true,"_links":{"self":[{"href":"https:\/\/smartersmedia.com\/en\/wp-json\/wp\/v2\/product\/13257","targetHints":{"allow":["GET"]}}],"collection":[{"href":"https:\/\/smartersmedia.com\/en\/wp-json\/wp\/v2\/product"}],"about":[{"href":"https:\/\/smartersmedia.com\/en\/wp-json\/wp\/v2\/types\/product"}],"replies":[{"embeddable":true,"href":"https:\/\/smartersmedia.com\/en\/wp-json\/wp\/v2\/comments?post=13257"}],"wp:featuredmedia":[{"embeddable":true,"href":"https:\/\/smartersmedia.com\/en\/wp-json\/wp\/v2\/media\/13258"}],"wp:attachment":[{"href":"https:\/\/smartersmedia.com\/en\/wp-json\/wp\/v2\/media?parent=13257"}],"wp:term":[{"taxonomy":"product_brand","embeddable":true,"href":"https:\/\/smartersmedia.com\/en\/wp-json\/wp\/v2\/product_brand?post=13257"},{"taxonomy":"product_cat","embeddable":true,"href":"https:\/\/smartersmedia.com\/en\/wp-json\/wp\/v2\/product_cat?post=13257"},{"taxonomy":"product_tag","embeddable":true,"href":"https:\/\/smartersmedia.com\/en\/wp-json\/wp\/v2\/product_tag?post=13257"}],"curies":[{"name":"wp","href":"https:\/\/api.w.org\/{rel}","templated":true}]}}