{"id":13251,"date":"2026-01-25T16:48:32","date_gmt":"2026-01-25T16:48:32","guid":{"rendered":"https:\/\/smartersmedia.com\/?post_type=product&#038;p=13251"},"modified":"2026-01-25T17:02:54","modified_gmt":"2026-01-25T17:02:54","slug":"etiquetas-adhesivas","status":"publish","type":"product","link":"https:\/\/smartersmedia.com\/en\/product\/etiquetas-adhesivas\/","title":{"rendered":"ETIQUETAS y PEGATINAS ADHESIVAS"},"content":{"rendered":"<p>Etiquetas de vinilo adhesivo, recortadas con forma. Se imprimen a la medida deseada, por metros cuadrados. El m\u00ednimo a imprimir es un metro cuadrado. S\u00f3lo tienes que enviarnos tu dise\u00f1o, o la idea de dise\u00f1o que buscas, y nosotros te la dise\u00f1amos.<\/p>\n<p>&nbsp;<\/p>","protected":false},"excerpt":{"rendered":"<p>Etiquetas de vinilo adhesivo, recortadas con forma. Se imprimen a la medida deseada, por metros cuadrados. El m\u00ednimo a imprimir es un metro cuadrado. S\u00f3lo tienes que enviarnos tu dise\u00f1o, o la idea de dise\u00f1o que buscas, y nosotros te la dise\u00f1amos. &nbsp;<\/p>","protected":false},"featured_media":13252,"comment_status":"open","ping_status":"closed","template":"","meta":[],"product_brand":[],"product_cat":[161],"product_tag":[],"class_list":{"0":"post-13251","1":"product","2":"type-product","3":"status-publish","4":"has-post-thumbnail","6":"product_cat-vinilos","8":"first","9":"instock","10":"shipping-taxable","11":"purchasable","12":"product-type-simple"},"jetpack_sharing_enabled":true,"_links":{"self":[{"href":"https:\/\/smartersmedia.com\/en\/wp-json\/wp\/v2\/product\/13251","targetHints":{"allow":["GET"]}}],"collection":[{"href":"https:\/\/smartersmedia.com\/en\/wp-json\/wp\/v2\/product"}],"about":[{"href":"https:\/\/smartersmedia.com\/en\/wp-json\/wp\/v2\/types\/product"}],"replies":[{"embeddable":true,"href":"https:\/\/smartersmedia.com\/en\/wp-json\/wp\/v2\/comments?post=13251"}],"wp:featuredmedia":[{"embeddable":true,"href":"https:\/\/smartersmedia.com\/en\/wp-json\/wp\/v2\/media\/13252"}],"wp:attachment":[{"href":"https:\/\/smartersmedia.com\/en\/wp-json\/wp\/v2\/media?parent=13251"}],"wp:term":[{"taxonomy":"product_brand","embeddable":true,"href":"https:\/\/smartersmedia.com\/en\/wp-json\/wp\/v2\/product_brand?post=13251"},{"taxonomy":"product_cat","embeddable":true,"href":"https:\/\/smartersmedia.com\/en\/wp-json\/wp\/v2\/product_cat?post=13251"},{"taxonomy":"product_tag","embeddable":true,"href":"https:\/\/smartersmedia.com\/en\/wp-json\/wp\/v2\/product_tag?post=13251"}],"curies":[{"name":"wp","href":"https:\/\/api.w.org\/{rel}","templated":true}]}}