{"id":13237,"date":"2026-01-04T12:29:32","date_gmt":"2026-01-04T12:29:32","guid":{"rendered":"https:\/\/smartersmedia.com\/?post_type=product&#038;p=13237"},"modified":"2026-01-04T12:29:32","modified_gmt":"2026-01-04T12:29:32","slug":"vinilo-efecto-acido-para-fondear-cristales","status":"publish","type":"product","link":"https:\/\/smartersmedia.com\/en\/product\/vinilo-efecto-acido-para-fondear-cristales\/","title":{"rendered":"VINILO EFECTO \u00c1CIDO PARA FONDEAR CRISTALES"},"content":{"rendered":"<p>Ideal para rotulaci\u00f3n de escaparates y cristales, sin im\u00e1genes, ni impresas ni cortadas, s\u00f3lo fondo de vinilo. Este vinilo da intimidad, y deja pasar gran cantidad de luz. Se puede pegar desde dentro o desde fuera del cristal.<\/p>","protected":false},"excerpt":{"rendered":"<p>Ideal para rotulaci\u00f3n de escaparates y cristales, sin im\u00e1genes, ni impresas ni cortadas, s\u00f3lo fondo de vinilo. Este vinilo da intimidad, y deja pasar gran cantidad de luz. Se puede pegar desde dentro o desde fuera del cristal.<\/p>","protected":false},"featured_media":13238,"comment_status":"open","ping_status":"closed","template":"","meta":[],"product_brand":[],"product_cat":[15],"product_tag":[],"class_list":{"0":"post-13237","1":"product","2":"type-product","3":"status-publish","4":"has-post-thumbnail","6":"product_cat-hogar","8":"first","9":"instock","10":"shipping-taxable","11":"purchasable","12":"product-type-simple"},"jetpack_sharing_enabled":true,"_links":{"self":[{"href":"https:\/\/smartersmedia.com\/en\/wp-json\/wp\/v2\/product\/13237","targetHints":{"allow":["GET"]}}],"collection":[{"href":"https:\/\/smartersmedia.com\/en\/wp-json\/wp\/v2\/product"}],"about":[{"href":"https:\/\/smartersmedia.com\/en\/wp-json\/wp\/v2\/types\/product"}],"replies":[{"embeddable":true,"href":"https:\/\/smartersmedia.com\/en\/wp-json\/wp\/v2\/comments?post=13237"}],"wp:featuredmedia":[{"embeddable":true,"href":"https:\/\/smartersmedia.com\/en\/wp-json\/wp\/v2\/media\/13238"}],"wp:attachment":[{"href":"https:\/\/smartersmedia.com\/en\/wp-json\/wp\/v2\/media?parent=13237"}],"wp:term":[{"taxonomy":"product_brand","embeddable":true,"href":"https:\/\/smartersmedia.com\/en\/wp-json\/wp\/v2\/product_brand?post=13237"},{"taxonomy":"product_cat","embeddable":true,"href":"https:\/\/smartersmedia.com\/en\/wp-json\/wp\/v2\/product_cat?post=13237"},{"taxonomy":"product_tag","embeddable":true,"href":"https:\/\/smartersmedia.com\/en\/wp-json\/wp\/v2\/product_tag?post=13237"}],"curies":[{"name":"wp","href":"https:\/\/api.w.org\/{rel}","templated":true}]}}