{"id":13235,"date":"2026-01-04T12:15:20","date_gmt":"2026-01-04T12:15:20","guid":{"rendered":"https:\/\/smartersmedia.com\/?post_type=product&#038;p=13235"},"modified":"2026-01-04T12:16:14","modified_gmt":"2026-01-04T12:16:14","slug":"vinilo-efecto-acido-con-impresion-y-corte","status":"publish","type":"product","link":"https:\/\/smartersmedia.com\/en\/product\/vinilo-efecto-acido-con-impresion-y-corte\/","title":{"rendered":"VINILO EFECTO \u00c1CIDO CON IMPRESI\u00d3N Y CORTE"},"content":{"rendered":"<p>Ideal para rotulaci\u00f3n de escaparates y cristales, con im\u00e1genes impresas y corte efectuado con plotter. Este vinilo da intimidad, y deja pasar gran cantidad de luz. Se puede imprimir y cortar para pegar desde dentro o desde fuera del cristal.<\/p>","protected":false},"excerpt":{"rendered":"<p>Ideal para rotulaci\u00f3n de escaparates y cristales, con im\u00e1genes impresas y corte efectuado con plotter. Este vinilo da intimidad, y deja pasar gran cantidad de luz. Se puede imprimir y cortar para pegar desde dentro o desde fuera del cristal.<\/p>","protected":false},"featured_media":13236,"comment_status":"open","ping_status":"closed","template":"","meta":[],"product_brand":[],"product_cat":[161],"product_tag":[],"class_list":{"0":"post-13235","1":"product","2":"type-product","3":"status-publish","4":"has-post-thumbnail","6":"product_cat-vinilos","8":"first","9":"instock","10":"shipping-taxable","11":"purchasable","12":"product-type-simple"},"jetpack_sharing_enabled":true,"_links":{"self":[{"href":"https:\/\/smartersmedia.com\/en\/wp-json\/wp\/v2\/product\/13235","targetHints":{"allow":["GET"]}}],"collection":[{"href":"https:\/\/smartersmedia.com\/en\/wp-json\/wp\/v2\/product"}],"about":[{"href":"https:\/\/smartersmedia.com\/en\/wp-json\/wp\/v2\/types\/product"}],"replies":[{"embeddable":true,"href":"https:\/\/smartersmedia.com\/en\/wp-json\/wp\/v2\/comments?post=13235"}],"wp:featuredmedia":[{"embeddable":true,"href":"https:\/\/smartersmedia.com\/en\/wp-json\/wp\/v2\/media\/13236"}],"wp:attachment":[{"href":"https:\/\/smartersmedia.com\/en\/wp-json\/wp\/v2\/media?parent=13235"}],"wp:term":[{"taxonomy":"product_brand","embeddable":true,"href":"https:\/\/smartersmedia.com\/en\/wp-json\/wp\/v2\/product_brand?post=13235"},{"taxonomy":"product_cat","embeddable":true,"href":"https:\/\/smartersmedia.com\/en\/wp-json\/wp\/v2\/product_cat?post=13235"},{"taxonomy":"product_tag","embeddable":true,"href":"https:\/\/smartersmedia.com\/en\/wp-json\/wp\/v2\/product_tag?post=13235"}],"curies":[{"name":"wp","href":"https:\/\/api.w.org\/{rel}","templated":true}]}}