{"id":13155,"date":"2025-12-14T18:44:49","date_gmt":"2025-12-14T18:44:49","guid":{"rendered":"https:\/\/smartersmedia.com\/?post_type=product&#038;p=13155"},"modified":"2025-12-14T19:03:41","modified_gmt":"2025-12-14T19:03:41","slug":"vinilo-polimerico-laminado","status":"publish","type":"product","link":"https:\/\/smartersmedia.com\/en\/product\/vinilo-polimerico-laminado\/","title":{"rendered":"VINILO POLIM\u00c9RICO LAMINADO"},"content":{"rendered":"<p>Vinilo polim\u00e9rico, con mayor duraci\u00f3n al exterior, ideal para carteler\u00eda, publicidad y decoraci\u00f3n en exteriores. Duraci\u00f3n aproximada de 5-7 a\u00f1os en exterior. Adem\u00e1s a\u00f1adimos una l\u00e1mina de vinilo transparente mate o brillo, que le otorga mayor resistencia a la intemperie y la abrasi\u00f3n, as\u00ed como a los rayos UV.<\/p>","protected":false},"excerpt":{"rendered":"<p>Vinilo polim\u00e9rico, con mayor duraci\u00f3n al exterior, ideal para carteler\u00eda, publicidad y decoraci\u00f3n en exteriores. Duraci\u00f3n aproximada de 5-7 a\u00f1os en exterior. Adem\u00e1s a\u00f1adimos una l\u00e1mina de vinilo transparente mate o brillo, que le otorga mayor resistencia a la intemperie y la abrasi\u00f3n, as\u00ed como a los rayos UV.<\/p>","protected":false},"featured_media":13158,"comment_status":"open","ping_status":"closed","template":"","meta":[],"product_brand":[],"product_cat":[161],"product_tag":[],"class_list":{"0":"post-13155","1":"product","2":"type-product","3":"status-publish","4":"has-post-thumbnail","6":"product_cat-vinilos","8":"first","9":"instock","10":"shipping-taxable","11":"purchasable","12":"product-type-simple"},"jetpack_sharing_enabled":true,"_links":{"self":[{"href":"https:\/\/smartersmedia.com\/en\/wp-json\/wp\/v2\/product\/13155","targetHints":{"allow":["GET"]}}],"collection":[{"href":"https:\/\/smartersmedia.com\/en\/wp-json\/wp\/v2\/product"}],"about":[{"href":"https:\/\/smartersmedia.com\/en\/wp-json\/wp\/v2\/types\/product"}],"replies":[{"embeddable":true,"href":"https:\/\/smartersmedia.com\/en\/wp-json\/wp\/v2\/comments?post=13155"}],"wp:featuredmedia":[{"embeddable":true,"href":"https:\/\/smartersmedia.com\/en\/wp-json\/wp\/v2\/media\/13158"}],"wp:attachment":[{"href":"https:\/\/smartersmedia.com\/en\/wp-json\/wp\/v2\/media?parent=13155"}],"wp:term":[{"taxonomy":"product_brand","embeddable":true,"href":"https:\/\/smartersmedia.com\/en\/wp-json\/wp\/v2\/product_brand?post=13155"},{"taxonomy":"product_cat","embeddable":true,"href":"https:\/\/smartersmedia.com\/en\/wp-json\/wp\/v2\/product_cat?post=13155"},{"taxonomy":"product_tag","embeddable":true,"href":"https:\/\/smartersmedia.com\/en\/wp-json\/wp\/v2\/product_tag?post=13155"}],"curies":[{"name":"wp","href":"https:\/\/api.w.org\/{rel}","templated":true}]}}