{"id":13150,"date":"2025-12-14T18:33:52","date_gmt":"2025-12-14T18:33:52","guid":{"rendered":"https:\/\/smartersmedia.com\/?post_type=product&#038;p=13150"},"modified":"2026-01-25T17:23:10","modified_gmt":"2026-01-25T17:23:10","slug":"vinilo-monomerico-laminado","status":"publish","type":"product","link":"https:\/\/smartersmedia.com\/en\/product\/vinilo-monomerico-laminado\/","title":{"rendered":"VINILO MONOM\u00c9RICO LAMINADO"},"content":{"rendered":"<p>Vinilo Impreso monom\u00e9rico laminado, brillo o mate, para carteler\u00eda y decoraci\u00f3n. La l\u00e1mina transparente le suma protecci\u00f3n ante ara\u00f1azos y rayos UV. Duraci\u00f3n aproximada al exterior de 3 a\u00f1os.<\/p>","protected":false},"excerpt":{"rendered":"<p>Vinilo Impreso monom\u00e9rico laminado, brillo o mate, para carteler\u00eda y decoraci\u00f3n. La l\u00e1mina transparente le suma protecci\u00f3n ante ara\u00f1azos y rayos UV. Duraci\u00f3n aproximada al exterior de 3 a\u00f1os.<\/p>","protected":false},"featured_media":13256,"comment_status":"open","ping_status":"closed","template":"","meta":[],"product_brand":[],"product_cat":[161],"product_tag":[],"class_list":{"0":"post-13150","1":"product","2":"type-product","3":"status-publish","4":"has-post-thumbnail","6":"product_cat-vinilos","8":"first","9":"instock","10":"shipping-taxable","11":"purchasable","12":"product-type-simple"},"jetpack_sharing_enabled":true,"_links":{"self":[{"href":"https:\/\/smartersmedia.com\/en\/wp-json\/wp\/v2\/product\/13150","targetHints":{"allow":["GET"]}}],"collection":[{"href":"https:\/\/smartersmedia.com\/en\/wp-json\/wp\/v2\/product"}],"about":[{"href":"https:\/\/smartersmedia.com\/en\/wp-json\/wp\/v2\/types\/product"}],"replies":[{"embeddable":true,"href":"https:\/\/smartersmedia.com\/en\/wp-json\/wp\/v2\/comments?post=13150"}],"wp:featuredmedia":[{"embeddable":true,"href":"https:\/\/smartersmedia.com\/en\/wp-json\/wp\/v2\/media\/13256"}],"wp:attachment":[{"href":"https:\/\/smartersmedia.com\/en\/wp-json\/wp\/v2\/media?parent=13150"}],"wp:term":[{"taxonomy":"product_brand","embeddable":true,"href":"https:\/\/smartersmedia.com\/en\/wp-json\/wp\/v2\/product_brand?post=13150"},{"taxonomy":"product_cat","embeddable":true,"href":"https:\/\/smartersmedia.com\/en\/wp-json\/wp\/v2\/product_cat?post=13150"},{"taxonomy":"product_tag","embeddable":true,"href":"https:\/\/smartersmedia.com\/en\/wp-json\/wp\/v2\/product_tag?post=13150"}],"curies":[{"name":"wp","href":"https:\/\/api.w.org\/{rel}","templated":true}]}}