{"id":13148,"date":"2025-12-13T20:01:01","date_gmt":"2025-12-13T20:01:01","guid":{"rendered":"https:\/\/smartersmedia.com\/?post_type=product&#038;p=13148"},"modified":"2025-12-14T19:05:16","modified_gmt":"2025-12-14T19:05:16","slug":"vinilo-monomerico","status":"publish","type":"product","link":"https:\/\/smartersmedia.com\/en\/product\/vinilo-monomerico\/","title":{"rendered":"VINILO MONOM\u00c9RICO"},"content":{"rendered":"<p>Vinilo Impreso con im\u00e1genes de alta resoluci\u00f3n, para utilizar en carteler\u00eda, decoraci\u00f3n, stand, campa\u00f1as de publicidad, etc&#8230; con una duraci\u00f3n en el exterior aproximada de 3 a\u00f1os.<\/p>","protected":false},"excerpt":{"rendered":"<p>Vinilo Impreso con im\u00e1genes de alta resoluci\u00f3n, para utilizar en carteler\u00eda, decoraci\u00f3n, stand, campa\u00f1as de publicidad, etc&#8230; con una duraci\u00f3n en el exterior aproximada de 3 a\u00f1os.<\/p>","protected":false},"featured_media":13149,"comment_status":"open","ping_status":"closed","template":"","meta":[],"product_brand":[],"product_cat":[161],"product_tag":[],"class_list":{"0":"post-13148","1":"product","2":"type-product","3":"status-publish","4":"has-post-thumbnail","6":"product_cat-vinilos","8":"first","9":"instock","10":"shipping-taxable","11":"purchasable","12":"product-type-simple"},"jetpack_sharing_enabled":true,"_links":{"self":[{"href":"https:\/\/smartersmedia.com\/en\/wp-json\/wp\/v2\/product\/13148","targetHints":{"allow":["GET"]}}],"collection":[{"href":"https:\/\/smartersmedia.com\/en\/wp-json\/wp\/v2\/product"}],"about":[{"href":"https:\/\/smartersmedia.com\/en\/wp-json\/wp\/v2\/types\/product"}],"replies":[{"embeddable":true,"href":"https:\/\/smartersmedia.com\/en\/wp-json\/wp\/v2\/comments?post=13148"}],"wp:featuredmedia":[{"embeddable":true,"href":"https:\/\/smartersmedia.com\/en\/wp-json\/wp\/v2\/media\/13149"}],"wp:attachment":[{"href":"https:\/\/smartersmedia.com\/en\/wp-json\/wp\/v2\/media?parent=13148"}],"wp:term":[{"taxonomy":"product_brand","embeddable":true,"href":"https:\/\/smartersmedia.com\/en\/wp-json\/wp\/v2\/product_brand?post=13148"},{"taxonomy":"product_cat","embeddable":true,"href":"https:\/\/smartersmedia.com\/en\/wp-json\/wp\/v2\/product_cat?post=13148"},{"taxonomy":"product_tag","embeddable":true,"href":"https:\/\/smartersmedia.com\/en\/wp-json\/wp\/v2\/product_tag?post=13148"}],"curies":[{"name":"wp","href":"https:\/\/api.w.org\/{rel}","templated":true}]}}